{"id":82,"date":"2017-04-25T16:02:14","date_gmt":"2017-04-25T14:02:14","guid":{"rendered":"http:\/\/gajd.adekvatform.se\/?page_id=82"},"modified":"2020-12-15T14:51:14","modified_gmt":"2020-12-15T13:51:14","slug":"om-oss","status":"publish","type":"page","link":"https:\/\/kinnekullekonsult.se\/?page_id=82","title":{"rendered":"Medarbetare"},"content":{"rendered":"<p>Kinnekulle konsult<br \/>\nJ\u00e4rnv\u00e4gsgatan 6<br \/>\n533 30 G\u00f6tene<\/p>\n","protected":false},"excerpt":{"rendered":"<p>Kinnekulle konsult J\u00e4rnv\u00e4gsgatan 6 533 30 G\u00f6tene<\/p>\n","protected":false},"author":5,"featured_media":0,"parent":0,"menu_order":2,"comment_status":"closed","ping_status":"closed","template":"employees-template.php","meta":{"footnotes":""},"class_list":["post-82","page","type-page","status-publish","hentry"],"_links":{"self":[{"href":"https:\/\/kinnekullekonsult.se\/index.php?rest_route=\/wp\/v2\/pages\/82","targetHints":{"allow":["GET"]}}],"collection":[{"href":"https:\/\/kinnekullekonsult.se\/index.php?rest_route=\/wp\/v2\/pages"}],"about":[{"href":"https:\/\/kinnekullekonsult.se\/index.php?rest_route=\/wp\/v2\/types\/page"}],"author":[{"embeddable":true,"href":"https:\/\/kinnekullekonsult.se\/index.php?rest_route=\/wp\/v2\/users\/5"}],"replies":[{"embeddable":true,"href":"https:\/\/kinnekullekonsult.se\/index.php?rest_route=%2Fwp%2Fv2%2Fcomments&post=82"}],"version-history":[{"count":6,"href":"https:\/\/kinnekullekonsult.se\/index.php?rest_route=\/wp\/v2\/pages\/82\/revisions"}],"predecessor-version":[{"id":1499,"href":"https:\/\/kinnekullekonsult.se\/index.php?rest_route=\/wp\/v2\/pages\/82\/revisions\/1499"}],"wp:attachment":[{"href":"https:\/\/kinnekullekonsult.se\/index.php?rest_route=%2Fwp%2Fv2%2Fmedia&parent=82"}],"curies":[{"name":"wp","href":"https:\/\/api.w.org\/{rel}","templated":true}]}}