{"id":115,"date":"2017-04-28T10:06:28","date_gmt":"2017-04-28T08:06:28","guid":{"rendered":"http:\/\/gajd.adekvatform.se\/?page_id=115"},"modified":"2020-12-15T16:18:26","modified_gmt":"2020-12-15T15:18:26","slug":"om-oss-2","status":"publish","type":"page","link":"https:\/\/kinnekullekonsult.se\/?page_id=115","title":{"rendered":"Om oss"},"content":{"rendered":"\r\n<p>Kinnekullekonsult \u00e4r verksamt inom byggsektorn och etablerades i G\u00f6tene redan p\u00e5 1950-talet. Vi har d\u00e4rmed en l\u00e5ng tradition inom m\u00e5nga byggnadstekniska omr\u00e5den och har f\u00f6ljt flera av traktens f\u00f6retag sedan dess.\u00a0<br \/>V\u00e5ra fr\u00e4msta kompetensomr\u00e5den \u00e4r allm\u00e4n byggr\u00e5dgivning, statiska ber\u00e4kningar, konstruktionsritningar och kontrollansvar enligt PBL. Vi har l\u00e5ng erfarenhet av projektering enligt hygienreglerna \u00e4ven utanf\u00f6r livsmedelsindustrin.<\/p>\r\n<p>Bland v\u00e5ra kunder \u00e5terfinns; f\u00f6retag, byggentrepren\u00f6rer, kommuner i l\u00e4net genom ramavtal, Statens fastighetsverk och privata kunder.<br \/>Kinnekulle konsult \u00e4r sedan 2005 ett dotterbolag till Atelj\u00e9 Arkitekten i Skara.<\/p>\r\n<p>V\u00e5rt arkiv \u00e4r intakt sedan starten.<\/p>\r\n<p>2017 f\u00f6rv\u00e4rvades Kinnekullekonsult och Atelj\u00e9 arkitekten av GAJD arkitekter i G\u00f6teborg. Tillsammans skapar de tre f\u00f6retagen en komplett organisation f\u00f6r byggprojekt i olika former och skeden.<\/p>\r\n<p>&nbsp;<\/p>\r\n","protected":false},"excerpt":{"rendered":"<p>Kinnekullekonsult \u00e4r verksamt inom byggsektorn och etablerades i G\u00f6tene redan p\u00e5 1950-talet. Vi har d\u00e4rmed en l\u00e5ng tradition inom m\u00e5nga byggnadstekniska omr\u00e5den och har f\u00f6ljt flera av traktens f\u00f6retag sedan dess.\u00a0V\u00e5ra fr\u00e4msta kompetensomr\u00e5den \u00e4r allm\u00e4n byggr\u00e5dgivning, statiska ber\u00e4kningar, konstruktionsritningar och kontrollansvar enligt PBL. Vi har l\u00e5ng erfarenhet av projektering enligt hygienreglerna \u00e4ven utanf\u00f6r livsmedelsindustrin. Bland v\u00e5ra kunder \u00e5terfinns; f\u00f6retag, byggentrepren\u00f6rer,&#8230;<\/p>\n","protected":false},"author":5,"featured_media":1050,"parent":0,"menu_order":1,"comment_status":"closed","ping_status":"closed","template":"","meta":{"footnotes":""},"class_list":["post-115","page","type-page","status-publish","has-post-thumbnail","hentry"],"_links":{"self":[{"href":"https:\/\/kinnekullekonsult.se\/index.php?rest_route=\/wp\/v2\/pages\/115","targetHints":{"allow":["GET"]}}],"collection":[{"href":"https:\/\/kinnekullekonsult.se\/index.php?rest_route=\/wp\/v2\/pages"}],"about":[{"href":"https:\/\/kinnekullekonsult.se\/index.php?rest_route=\/wp\/v2\/types\/page"}],"author":[{"embeddable":true,"href":"https:\/\/kinnekullekonsult.se\/index.php?rest_route=\/wp\/v2\/users\/5"}],"replies":[{"embeddable":true,"href":"https:\/\/kinnekullekonsult.se\/index.php?rest_route=%2Fwp%2Fv2%2Fcomments&post=115"}],"version-history":[{"count":8,"href":"https:\/\/kinnekullekonsult.se\/index.php?rest_route=\/wp\/v2\/pages\/115\/revisions"}],"predecessor-version":[{"id":1514,"href":"https:\/\/kinnekullekonsult.se\/index.php?rest_route=\/wp\/v2\/pages\/115\/revisions\/1514"}],"wp:featuredmedia":[{"embeddable":true,"href":"https:\/\/kinnekullekonsult.se\/index.php?rest_route=\/wp\/v2\/media\/1050"}],"wp:attachment":[{"href":"https:\/\/kinnekullekonsult.se\/index.php?rest_route=%2Fwp%2Fv2%2Fmedia&parent=115"}],"curies":[{"name":"wp","href":"https:\/\/api.w.org\/{rel}","templated":true}]}}